{"id":447,"date":"2019-10-29T10:57:41","date_gmt":"2019-10-29T10:57:41","guid":{"rendered":"https:\/\/www.robert-administratie.nl\/?page_id=447"},"modified":"2024-08-19T14:41:58","modified_gmt":"2024-08-19T14:41:58","slug":"home","status":"publish","type":"page","link":"https:\/\/www.robert-administratie.nl\/pl\/","title":{"rendered":"Home"},"content":{"rendered":"<div class=\"wpb-content-wrapper\"><p>[vc_row css_animation=&#8221;&#8221; row_type=&#8221;row&#8221; use_row_as_full_screen_section=&#8221;no&#8221; type=&#8221;full_width&#8221; angled_section=&#8221;no&#8221; text_align=&#8221;left&#8221; background_image_as_pattern=&#8221;without_pattern&#8221;][vc_column offset=&#8221;vc_hidden-xs&#8221;]\n\t\t\t\t<p class=\"rs-p-wp-fix\"><\/p>\n\t\t\t\t<sr7-module data-alias=\"slider-1-1-11\" data-id=\"5\" id=\"SR7_5_1\" class=\"rs-ov-hidden\" data-version=\"6.7.51\">\n\t\t\t\t\t<sr7-adjuster><\/sr7-adjuster>\n\t\t\t\t\t<sr7-content>\n\t\t\t\t\t\t<sr7-slide id=\"SR7_5_1-5\" data-key=\"5\">\n\t\t\t\t\t\t\t<a id=\"SR7_5_1-5-3\" class=\"sr7-layer\" href=\"\/contact#contact-form\" target=\"_self\" rel=\"nofollow\">contact<\/a>\n\t\t\t\t\t\t\t<sr7-txt id=\"SR7_5_1-5-4\" class=\"sr7-layer\"><span class\"undertitle\"><\/span><\/sr7-txt>\n\t\t\t\t\t\t<\/sr7-slide>\n\t\t\t\t\t\t<sr7-slide id=\"SR7_5_1-10\" data-key=\"10\">\n\t\t\t\t\t\t<\/sr7-slide>\n\t\t\t\t\t<\/sr7-content>\n\t\t\t\t<\/sr7-module>\n\t\t\t\t<script>\n\t\t\t\t\twindow.SR7 ??={};SR7.PMH ??={}; SR7.PMH[\"SR7_5_1\"] = {cn:100,state:false,fn: function() { if (window._tpt!==undefined && window._tpt.prepareModuleHeight !== undefined) {  _tpt.prepareModuleHeight({id:\"SR7_5_1\",el:[900,900,768,960,960],type:'standard',shdw:'0',gh:[900,900,768,960,960],gw:[1920,1920,1024,778,778],vpt:['-200px&#039;,&#039;-200px&#039;,&#039;-200px&#039;,&#039;-200px&#039;,&#039;-200px'],size:{fullWidth:true, fullHeight:true},fho:',',mh:'0',onh:0,onw:0,bg:{color:'{\"orig\":\"transparent\",\"type\":\"solid\",\"string\":\"transparent\"}'},plType:'0',plColor:'#FFFFFF'});   SR7.PMH[\"SR7_5_1\"].state=true;} else if(SR7.PMH[\"SR7_5_1\"].cn-->0)\tsetTimeout( SR7.PMH[\"SR7_5_1\"].fn,19);}};SR7.PMH[\"SR7_5_1\" ].fn();\n\t\t\t\t<\/script>\n[\/vc_column][\/vc_row][vc_row css_animation=&#8221;&#8221; row_type=&#8221;row&#8221; use_row_as_full_screen_section=&#8221;no&#8221; type=&#8221;full_width&#8221; angled_section=&#8221;no&#8221; text_align=&#8221;left&#8221; background_image_as_pattern=&#8221;without_pattern&#8221; css=&#8221;.vc_custom_1569504610396{background-color: #ffffff !important;background-position: center !important;background-repeat: no-repeat !important;background-size: cover !important;}&#8221; z_index=&#8221;&#8221; el_class=&#8221;background-circles-1&#8243;][vc_column][vc_empty_space][vc_row_inner row_type=&#8221;row&#8221; type=&#8221;full_width&#8221; text_align=&#8221;left&#8221; css_animation=&#8221;&#8221;][vc_column_inner offset=&#8221;vc_hidden-xs&#8221;][vc_empty_space height=&#8221;64px&#8221;][\/vc_column_inner][\/vc_row_inner][vc_row_inner row_type=&#8221;row&#8221; type=&#8221;full_width&#8221; text_align=&#8221;left&#8221; css_animation=&#8221;&#8221;][vc_column_inner offset=&#8221;vc_hidden-lg vc_hidden-md vc_hidden-sm&#8221;][vc_single_image image=&#8221;100&#8243; img_size=&#8221;full&#8221; qode_css_animation=&#8221;&#8221;][\/vc_column_inner][\/vc_row_inner][vc_empty_space][vc_row_inner row_type=&#8221;row&#8221; type=&#8221;grid&#8221; text_align=&#8221;left&#8221; css_animation=&#8221;element_from_left&#8221;][vc_column_inner width=&#8221;1\/3&#8243;][vc_single_image image=&#8221;351&#8243; img_size=&#8221;full&#8221; style=&#8221;vc_box_rounded&#8221; qode_css_animation=&#8221;&#8221;][vc_single_image image=&#8221;77&#8243; img_size=&#8221;full&#8221; qode_css_animation=&#8221;&#8221; el_class=&#8221;tablet-circles&#8221;][\/vc_column_inner][vc_column_inner width=&#8221;2\/3&#8243;][vc_column_text]<\/p>\n<h2>Administracja &amp; Us\u0142ugi finansowe<\/h2>\n<p>[\/vc_column_text][vc_column_text]<span class=\"undertitle\">Osobiste doradztwo<\/span>[\/vc_column_text][vc_empty_space height=&#8221;16px&#8221;][vc_column_text]Firma Robert Administracja &amp; Us\u0142ugi finansowe zosta\u0142a za\u0142o\u017cona w 2007 roku przez Dona Roberta. Biuro mie\u015bci si\u0119 na ulicy Herenweg 29 A2 w Heemstede. Przez za\u0142o\u017cenie w\u0142asnej firmy spe\u0142ni\u0142o si\u0119 nasze marzenie. Nasze biuro dzia\u0142a pr\u0119\u017cnie i jest zaufanym miejscem dla wielu du\u017cych, \u015brednich i ma\u0142ych firm. Pomoc naszym klijentom, doradztwo oraz pe\u0142ne zaanga\u017cowanie w jego specyficzne potrzeby, inne dla ka\u017cdego, ma dla nas du\u017ce znaczenie. To sprawia, \u017ce mo\u017cemy wykonywa\u0107 nasze us\u0142ugi przepisowo i bez zarzutu.[\/vc_column_text][vc_empty_space]<a  itemprop=\"url\" href=\"\/en\/over-ons\" target=\"_self\" data-hover-background-color=\"#ff002c\" data-hover-border-color=\"#ff002c\" data-hover-color=\"#ffffff\" class=\"qbutton  center default\" style=\"color: #ffffff; border-color: #005288; border-radius: 5px;-moz-border-radius: 5px;-webkit-border-radius: 5px; background-color:#005288;\">skontaktuj si\u0119 z nami<\/a>[\/vc_column_inner][\/vc_row_inner][vc_empty_space][vc_row_inner row_type=&#8221;row&#8221; type=&#8221;full_width&#8221; text_align=&#8221;left&#8221; css_animation=&#8221;&#8221;][vc_column_inner offset=&#8221;vc_hidden-lg vc_hidden-md vc_hidden-sm&#8221;][vc_single_image image=&#8221;98&#8243; img_size=&#8221;full&#8221; qode_css_animation=&#8221;&#8221;][\/vc_column_inner][\/vc_row_inner][vc_row_inner row_type=&#8221;row&#8221; type=&#8221;full_width&#8221; text_align=&#8221;left&#8221; css_animation=&#8221;&#8221;][vc_column_inner offset=&#8221;vc_hidden-xs&#8221;][vc_empty_space height=&#8221;64px&#8221;][\/vc_column_inner][\/vc_row_inner][vc_empty_space][\/vc_column][\/vc_row][vc_row css_animation=&#8221;&#8221; row_type=&#8221;row&#8221; use_row_as_full_screen_section=&#8221;no&#8221; type=&#8221;full_width&#8221; angled_section=&#8221;no&#8221; text_align=&#8221;left&#8221; background_image_as_pattern=&#8221;without_pattern&#8221; css=&#8221;.vc_custom_1724078514139{background-image: url(https:\/\/www.robert-administratie.nl\/wp-content\/uploads\/2024\/08\/robert-administratie-en-financiele-dienstverlening-kantoor-2024-1.jpg?id=1132) !important;background-position: center !important;background-repeat: no-repeat !important;background-size: cover !important;}&#8221; z_index=&#8221;&#8221;][vc_column][vc_row_inner row_type=&#8221;row&#8221; type=&#8221;full_width&#8221; text_align=&#8221;left&#8221; css_animation=&#8221;&#8221;][vc_column_inner offset=&#8221;vc_hidden-sm vc_hidden-xs&#8221;][vc_empty_space height=&#8221;500px&#8221;][\/vc_column_inner][\/vc_row_inner][vc_row_inner row_type=&#8221;row&#8221; type=&#8221;full_width&#8221; text_align=&#8221;left&#8221; css_animation=&#8221;&#8221;][vc_column_inner offset=&#8221;vc_hidden-lg vc_hidden-md&#8221;][vc_empty_space height=&#8221;300px&#8221;][\/vc_column_inner][\/vc_row_inner][\/vc_column][\/vc_row][vc_row css_animation=&#8221;&#8221; row_type=&#8221;row&#8221; use_row_as_full_screen_section=&#8221;no&#8221; type=&#8221;full_width&#8221; angled_section=&#8221;no&#8221; text_align=&#8221;left&#8221; background_image_as_pattern=&#8221;without_pattern&#8221; css=&#8221;.vc_custom_1569504617198{background-color: #ffffff !important;background-position: center !important;background-repeat: no-repeat !important;background-size: cover !important;}&#8221; z_index=&#8221;&#8221; el_class=&#8221;background-circles-3&#8243;][vc_column][vc_empty_space][vc_row_inner row_type=&#8221;row&#8221; type=&#8221;full_width&#8221; text_align=&#8221;left&#8221; css_animation=&#8221;&#8221;][vc_column_inner offset=&#8221;vc_hidden-lg vc_hidden-md vc_hidden-sm&#8221;][vc_single_image image=&#8221;99&#8243; img_size=&#8221;full&#8221; qode_css_animation=&#8221;&#8221;][\/vc_column_inner][\/vc_row_inner][vc_row_inner row_type=&#8221;row&#8221; type=&#8221;full_width&#8221; text_align=&#8221;left&#8221; css_animation=&#8221;&#8221;][vc_column_inner offset=&#8221;vc_hidden-xs&#8221;][vc_empty_space height=&#8221;64px&#8221;][\/vc_column_inner][\/vc_row_inner][vc_empty_space][vc_row_inner row_type=&#8221;row&#8221; type=&#8221;grid&#8221; text_align=&#8221;left&#8221; css_animation=&#8221;element_from_right&#8221;][vc_column_inner width=&#8221;2\/3&#8243;][vc_column_text]<\/p>\n<h2>Nasza klientela<\/h2>\n<p>[\/vc_column_text][vc_column_text]<span class=\"undertitle\">Administracja &amp; Us\u0142ugi finansowe<\/span>[\/vc_column_text][vc_empty_space height=&#8221;16px&#8221;][vc_column_text]Jak zosta\u0142o wymienione wy\u017cej, nasza klientela jest zr\u00f3\u017cnicowana i sk\u0142ada si\u0119 z przedsi\u0119biorc\u00f3w \u015bredniej i mniejszej kadry, samozatrudnionych jednostek gospodarczych i os\u00f3b prywatnych, w kt\u00f3rej ka\u017cdy z w\u0142asnymi potrzebami. Czy jeste\u015b pocz\u0105tkuj\u0105cym przedsi\u0119biorc\u0105, czy te\u017c masz wieloletni\u0105 firm\u0119 \u2013 my wyr\u00f3\u017cniamy si\u0119 osobistym doradztwem, ukierunkowaniem Twojej firmy oraz profesjonalnym wsparciem. Dla nas jeste\u015b najwa\u017cniejszy. Nowi klienci anga\u017cuj\u0105 nas z zalecenia. To r\u00f3wnie\u017c znaczy, \u017ce nasze us\u0142ugi s\u0105 bardzo cenione przez naszych obecnych klient\u00f3w.[\/vc_column_text][vc_empty_space]<a  itemprop=\"url\" href=\"\/en\/ondernemers\/\" target=\"_self\" data-hover-background-color=\"#ff002c\" data-hover-border-color=\"#ff002c\" data-hover-color=\"#ffffff\" class=\"qbutton  center default\" style=\"color: #ffffff; border-color: #005288; border-radius: 5px;-moz-border-radius: 5px;-webkit-border-radius: 5px; background-color:#005288;\">skontaktuj si\u0119 z nami<\/a>[\/vc_column_inner][vc_column_inner width=&#8221;1\/3&#8243;][vc_single_image image=&#8221;335&#8243; img_size=&#8221;full&#8221; style=&#8221;vc_box_rounded&#8221; qode_css_animation=&#8221;&#8221;][vc_single_image image=&#8221;90&#8243; img_size=&#8221;full&#8221; qode_css_animation=&#8221;&#8221; el_class=&#8221;tablet-circles&#8221;][\/vc_column_inner][\/vc_row_inner][vc_empty_space][vc_row_inner row_type=&#8221;row&#8221; type=&#8221;full_width&#8221; text_align=&#8221;left&#8221; css_animation=&#8221;&#8221;][vc_column_inner offset=&#8221;vc_hidden-lg vc_hidden-md vc_hidden-sm&#8221;][vc_single_image image=&#8221;97&#8243; img_size=&#8221;full&#8221; qode_css_animation=&#8221;&#8221;][\/vc_column_inner][\/vc_row_inner][vc_row_inner row_type=&#8221;row&#8221; type=&#8221;full_width&#8221; text_align=&#8221;left&#8221; css_animation=&#8221;&#8221;][vc_column_inner offset=&#8221;vc_hidden-xs&#8221;][vc_empty_space height=&#8221;64px&#8221;][\/vc_column_inner][\/vc_row_inner][vc_empty_space][\/vc_column][\/vc_row][vc_row css_animation=&#8221;&#8221; row_type=&#8221;row&#8221; use_row_as_full_screen_section=&#8221;no&#8221; type=&#8221;full_width&#8221; angled_section=&#8221;no&#8221; text_align=&#8221;left&#8221; background_image_as_pattern=&#8221;without_pattern&#8221; css=&#8221;.vc_custom_1569422458361{background-color: #f9f9f9 !important;background-position: center !important;background-repeat: no-repeat !important;background-size: cover !important;}&#8221; z_index=&#8221;&#8221; el_class=&#8221;background-circles-2&#8243;][vc_column][vc_empty_space][vc_row_inner row_type=&#8221;row&#8221; type=&#8221;full_width&#8221; text_align=&#8221;left&#8221; css_animation=&#8221;&#8221;][vc_column_inner offset=&#8221;vc_hidden-lg vc_hidden-md vc_hidden-sm&#8221;][vc_single_image image=&#8221;100&#8243; img_size=&#8221;full&#8221; qode_css_animation=&#8221;&#8221;][\/vc_column_inner][\/vc_row_inner][vc_row_inner row_type=&#8221;row&#8221; type=&#8221;full_width&#8221; text_align=&#8221;left&#8221; css_animation=&#8221;&#8221;][vc_column_inner offset=&#8221;vc_hidden-xs&#8221;][vc_empty_space height=&#8221;64px&#8221;][\/vc_column_inner][\/vc_row_inner][vc_empty_space][vc_row_inner row_type=&#8221;row&#8221; type=&#8221;grid&#8221; text_align=&#8221;left&#8221; css_animation=&#8221;element_from_left&#8221;][vc_column_inner width=&#8221;1\/3&#8243;][vc_single_image image=&#8221;314&#8243; img_size=&#8221;full&#8221; style=&#8221;vc_box_rounded&#8221; qode_css_animation=&#8221;&#8221;][vc_single_image image=&#8221;91&#8243; img_size=&#8221;full&#8221; qode_css_animation=&#8221;&#8221; el_class=&#8221;tablet-circles&#8221;][\/vc_column_inner][vc_column_inner width=&#8221;2\/3&#8243;][vc_column_text]<\/p>\n<h2>Oferowane przez nas us\u0142ugi<\/h2>\n<p>[\/vc_column_text][vc_column_text]<span class=\"undertitle\">Administracja &amp; Us\u0142ugi finansowe<\/span>[\/vc_column_text][vc_empty_space height=&#8221;16px&#8221;][vc_column_text]Robert Administracja &amp; Us\u0142ugi finansowe oferuje swoim klientom szeroki pakiet us\u0142ug finansowych, wykraczaj\u0105c poza ich obr\u0119b. \u00a0Z Robert Administracja &amp; Us\u0142ugi finansowe budujesz g\u0142\u0119bok\u0105 relacj\u0119 zaufania poprzez zaanga\u017cowanie i dyskrecj\u0119 pracownik\u00f3w naszej firmy. Nasze biuro dostarcza rozwi\u0105zania finansowe dostosowane do potrzeb ka\u017cedego klienta; od osobistych porad w prowadzeniu administracji, tworzenia rozlicze\u0144 rocznych, deklaracji VAT, czy podatku dochodowego, do pisania biznesplan\u00f3w, decyzji w wyborze samochodu firmowego, porad dotycz\u0105cych wyboru prawnika w sporach, jak r\u00f3wnie\u017c szeroki zakres porad finansowych lub porad dotycz\u0105cych techniki ubezpieczeniowej, u Robert Administracja &amp; Us\u0142ugi finansowe znajdziesz si\u0119 pod w\u0142a\u015bciwym adresem.[\/vc_column_text][vc_empty_space]<a  itemprop=\"url\" href=\"\/en\/ondernemers\/\" target=\"_self\" data-hover-background-color=\"#ff002c\" data-hover-border-color=\"#ff002c\" data-hover-color=\"#ffffff\" class=\"qbutton  center default\" style=\"color: #ffffff; border-color: #005288; border-radius: 5px;-moz-border-radius: 5px;-webkit-border-radius: 5px; background-color:#005288;\">skontaktuj si\u0119 z nami<\/a>[\/vc_column_inner][\/vc_row_inner][vc_empty_space][vc_row_inner row_type=&#8221;row&#8221; type=&#8221;full_width&#8221; text_align=&#8221;left&#8221; css_animation=&#8221;&#8221;][vc_column_inner offset=&#8221;vc_hidden-lg vc_hidden-md vc_hidden-sm&#8221;][vc_single_image image=&#8221;98&#8243; img_size=&#8221;full&#8221; qode_css_animation=&#8221;&#8221;][\/vc_column_inner][\/vc_row_inner][vc_row_inner row_type=&#8221;row&#8221; type=&#8221;full_width&#8221; text_align=&#8221;left&#8221; css_animation=&#8221;&#8221;][vc_column_inner offset=&#8221;vc_hidden-xs&#8221;][vc_empty_space height=&#8221;64px&#8221;][\/vc_column_inner][\/vc_row_inner][vc_empty_space][\/vc_column][\/vc_row][vc_row css_animation=&#8221;&#8221; row_type=&#8221;row&#8221; use_row_as_full_screen_section=&#8221;no&#8221; type=&#8221;full_width&#8221; angled_section=&#8221;no&#8221; text_align=&#8221;left&#8221; background_image_as_pattern=&#8221;without_pattern&#8221;][vc_column][vc_column_text]<p>[vc_row css_animation=\"\" row_type=\"row\" use_row_as_full_screen_section=\"no\" type=\"full_width\" angled_section=\"no\" text_align=\"left\" background_image_as_pattern=\"without_pattern\" css=\".vc_custom_1569418153580{background-color: #ffffff !important;background-position: center !important;background-repeat: no-repeat !important;background-size: cover !important;}\" z_index=\"\"][vc_column][vc_row_inner row_type=\"row\" type=\"full_width\" text_align=\"left\" css_animation=\"\"][vc_column_inner offset=\"vc_hidden-sm vc_hidden-xs\"][vc_empty_space height=\"64px\"][\/vc_column_inner][\/vc_row_inner][vc_empty_space][vc_row_inner row_type=\"row\" type=\"grid\" text_align=\"left\" css_animation=\"element_from_bottom\"][vc_column_inner][vc_empty_space height=\"16px\"][vc_column_text]<\/p>\n<h2 style=\"text-align: center;\">wyb\u00f3r naszych klient\u00f3w<\/h2>\n<p>[\/vc_column_text][vc_empty_space height=\"16px\"][\/vc_column_inner][\/vc_row_inner][vc_row_inner row_type=\"row\" type=\"grid\" text_align=\"left\" css_animation=\"element_from_bottom\"][vc_column_inner]<div class='qode_carousels_holder clearfix'><div class='qode_carousels' data-number-of-visible-items='5'><ul class='slides'><li class='item'><div class=\"carousel_item_holder\"><a itemprop='url' href='http:\/\/www.brandoutloud.org\/' target='_blank'><span class='first_image_holder '><img decoding=\"async\" itemprop=\"image\" src=\"https:\/\/www.robert-administratie.nl\/wp-content\/uploads\/2019\/09\/brand-out-loud-aangepast-robert-administratie-financiele-dienstverlening-groot.png\" alt=\"carousel image\" \/><\/span><\/a><\/div><\/li><li class='item'><div class=\"carousel_item_holder\"><a itemprop='url' href='https:\/\/confid.nl\/' target='_blank'><span class='first_image_holder '><img decoding=\"async\" itemprop=\"image\" src=\"https:\/\/www.robert-administratie.nl\/wp-content\/uploads\/2019\/09\/confid-aangepast-robert-administratie-financiele-dienstverlening-groot.png\" alt=\"carousel image\" \/><\/span><\/a><\/div><\/li><li class='item'><div class=\"carousel_item_holder\"><a itemprop='url' href='https:\/\/envschilders.nl\/' target='_blank'><span class='first_image_holder '><img decoding=\"async\" itemprop=\"image\" src=\"https:\/\/www.robert-administratie.nl\/wp-content\/uploads\/2019\/09\/e-en-v-schilders-aangepast-robert-administratie-financiele-dienstverlening-groot.png\" alt=\"carousel image\" \/><\/span><\/a><\/div><\/li><li class='item'><div class=\"carousel_item_holder\"><a itemprop='url' href='https:\/\/mademarketing.nl\/' target='_blank'><span class='first_image_holder '><img decoding=\"async\" itemprop=\"image\" src=\"https:\/\/www.robert-administratie.nl\/wp-content\/uploads\/2019\/10\/made-marketing-aangepast-robert-administratie-financiele-dienstverlening-groot.png\" alt=\"carousel image\" \/><\/span><\/a><\/div><\/li><li class='item'><div class=\"carousel_item_holder\"><a itemprop='url' href='https:\/\/www.oogst.shop\/' target='_blank'><span class='first_image_holder '><img decoding=\"async\" itemprop=\"image\" src=\"https:\/\/www.robert-administratie.nl\/wp-content\/uploads\/2025\/01\/oogst-logo-robert-administratie.png\" alt=\"carousel image\" \/><\/span><\/a><\/div><\/li><li class='item'><div class=\"carousel_item_holder\"><a itemprop='url' href='https:\/\/d-timmerman.nl\/' target='_blank'><span class='first_image_holder '><img decoding=\"async\" itemprop=\"image\" src=\"https:\/\/www.robert-administratie.nl\/wp-content\/uploads\/2025\/01\/d-timmerman-robert-administratie.png\" alt=\"carousel image\" \/><\/span><\/a><\/div><\/li><li class='item'><div class=\"carousel_item_holder\"><a itemprop='url' href='https:\/\/www.timmertechnieken.nl\/' target='_blank'><span class='first_image_holder '><img decoding=\"async\" itemprop=\"image\" src=\"https:\/\/www.robert-administratie.nl\/wp-content\/uploads\/2019\/11\/veldt-timmertechnieken-aangepast-robert-administratie-financiele-dienstverlening-groot.png\" alt=\"carousel image\" \/><\/span><\/a><\/div><\/li><li class='item'><div class=\"carousel_item_holder\"><a itemprop='url' href='https:\/\/www.flo23.nl\/home\/' target='_blank'><span class='first_image_holder '><img decoding=\"async\" itemprop=\"image\" src=\"https:\/\/www.robert-administratie.nl\/wp-content\/uploads\/2019\/11\/flo-23-aangepast-robert-administratie-financiele-dienstverlening-groot.png\" alt=\"carousel image\" \/><\/span><\/a><\/div><\/li><li class='item'><div class=\"carousel_item_holder\"><a itemprop='url' href='https:\/\/skindistrict.nl\/' target='_blank'><span class='first_image_holder '><img decoding=\"async\" itemprop=\"image\" src=\"https:\/\/www.robert-administratie.nl\/wp-content\/uploads\/2025\/01\/skindistrict-logo-robert-administratie.png\" alt=\"carousel image\" \/><\/span><\/a><\/div><\/li><li class='item'><div class=\"carousel_item_holder\"><a itemprop='url' href='http:\/\/www.galeriestylo.nl\/' target='_blank'><span class='first_image_holder '><img decoding=\"async\" itemprop=\"image\" src=\"https:\/\/www.robert-administratie.nl\/wp-content\/uploads\/2021\/05\/galerie-stylo-aangepast-robert-administratie-financiele-dienstverlening-groot.png\" alt=\"carousel image\" \/><\/span><\/a><\/div><\/li><li class='item'><div class=\"carousel_item_holder\"><a itemprop='url' href='https:\/\/www.onsite.nl\/' target='_blank'><span class='first_image_holder '><img decoding=\"async\" itemprop=\"image\" src=\"https:\/\/www.robert-administratie.nl\/wp-content\/uploads\/2021\/05\/onsite-aangepast-robert-administratie-financiele-dienstverlening-groot.png\" alt=\"carousel image\" \/><\/span><\/a><\/div><\/li><li class='item'><div class=\"carousel_item_holder\"><a itemprop='url' href='https:\/\/www.hondenschoolijmuiden.nl\/' target='_blank'><span class='first_image_holder '><img decoding=\"async\" itemprop=\"image\" src=\"https:\/\/www.robert-administratie.nl\/wp-content\/uploads\/2021\/05\/kamano-aangepast-robert-administratie-financiele-dienstverlening-groot.png\" alt=\"carousel image\" \/><\/span><\/a><\/div><\/li><li class='item'><div class=\"carousel_item_holder\"><a itemprop='url' href='https:\/\/haakmachinebouw.nl\/' target='_self'><span class='first_image_holder '><img decoding=\"async\" itemprop=\"image\" src=\"https:\/\/www.robert-administratie.nl\/wp-content\/uploads\/2021\/05\/haak-machinebouw-aangepast-robert-administratie-financiele-dienstverlening-groot.png\" alt=\"carousel image\" \/><\/span><\/a><\/div><\/li><li class='item'><div class=\"carousel_item_holder\"><a itemprop='url' href='https:\/\/luxesloepenhaarlem.nl\/' target='_self'><span class='first_image_holder '><img decoding=\"async\" itemprop=\"image\" src=\"https:\/\/www.robert-administratie.nl\/wp-content\/uploads\/2025\/01\/logo-luxesloepen-haarlem-robert-administratie.png\" alt=\"carousel image\" \/><\/span><\/a><\/div><\/li><li class='item'><div class=\"carousel_item_holder\"><a itemprop='url' href='https:\/\/www.vanderwolffietsen.nl\/' target='_self'><span class='first_image_holder '><img decoding=\"async\" itemprop=\"image\" src=\"https:\/\/www.robert-administratie.nl\/wp-content\/uploads\/2021\/05\/van-der-wolf-fietsen-aangepast-robert-administratie-financiele-dienstverlening-groot.png\" alt=\"carousel image\" \/><\/span><\/a><\/div><\/li><li class='item'><div class=\"carousel_item_holder\"><a itemprop='url' href='http:\/\/hijkoop.nl\/' target='_blank'><span class='first_image_holder '><img decoding=\"async\" itemprop=\"image\" src=\"https:\/\/www.robert-administratie.nl\/wp-content\/uploads\/2022\/04\/Hijkoop-logo.png\" alt=\"carousel image\" \/><\/span><\/a><\/div><\/li><li class='item'><div class=\"carousel_item_holder\"><a itemprop='url' href='https:\/\/atarbo.nl\/' target='_blank'><span class='first_image_holder '><img decoding=\"async\" itemprop=\"image\" src=\"https:\/\/www.robert-administratie.nl\/wp-content\/uploads\/2022\/04\/atarbo-logo.png\" alt=\"carousel image\" \/><\/span><\/a><\/div><\/li><\/ul><\/div><\/div>[\/vc_column_inner][\/vc_row_inner][vc_row_inner row_type=\"row\" type=\"full_width\" text_align=\"left\" css_animation=\"\"][vc_column_inner offset=\"vc_hidden-sm vc_hidden-xs\"][vc_empty_space height=\"64px\"][\/vc_column_inner][\/vc_row_inner][vc_empty_space][\/vc_column][\/vc_row]<\/p>\n[\/vc_column_text][\/vc_column][\/vc_row]<\/p>\n<\/div>","protected":false},"excerpt":{"rendered":"<p>[vc_row css_animation=&#8221;&#8221; row_type=&#8221;row&#8221; use_row_as_full_screen_section=&#8221;no&#8221; type=&#8221;full_width&#8221; angled_section=&#8221;no&#8221; text_align=&#8221;left&#8221; background_image_as_pattern=&#8221;without_pattern&#8221;][vc_column offset=&#8221;vc_hidden-xs&#8221;][\/vc_column][\/vc_row][vc_row css_animation=&#8221;&#8221; row_type=&#8221;row&#8221; use_row_as_full_screen_section=&#8221;no&#8221; type=&#8221;full_width&#8221; angled_section=&#8221;no&#8221; text_align=&#8221;left&#8221; background_image_as_pattern=&#8221;without_pattern&#8221; css=&#8221;.vc_custom_1569504610396{background-color: #ffffff !important;background-position: center !important;background-repeat: no-repeat !important;background-size: cover !important;}&#8221; z_index=&#8221;&#8221; el_class=&#8221;background-circles-1&#8243;][vc_column][vc_empty_space][vc_row_inner row_type=&#8221;row&#8221; type=&#8221;full_width&#8221; text_align=&#8221;left&#8221; css_animation=&#8221;&#8221;][vc_column_inner offset=&#8221;vc_hidden-xs&#8221;][vc_empty_space height=&#8221;64px&#8221;][\/vc_column_inner][\/vc_row_inner][vc_row_inner row_type=&#8221;row&#8221; type=&#8221;full_width&#8221; text_align=&#8221;left&#8221; css_animation=&#8221;&#8221;][vc_column_inner offset=&#8221;vc_hidden-lg vc_hidden-md vc_hidden-sm&#8221;][vc_single_image image=&#8221;100&#8243; img_size=&#8221;full&#8221; qode_css_animation=&#8221;&#8221;][\/vc_column_inner][\/vc_row_inner][vc_empty_space][vc_row_inner row_type=&#8221;row&#8221; type=&#8221;grid&#8221;&#8230;<\/p>\n","protected":false},"author":1,"featured_media":0,"parent":0,"menu_order":0,"comment_status":"closed","ping_status":"closed","template":"full_width.php","meta":{"footnotes":""},"class_list":["post-447","page","type-page","status-publish","hentry"],"_links":{"self":[{"href":"https:\/\/www.robert-administratie.nl\/pl\/wp-json\/wp\/v2\/pages\/447","targetHints":{"allow":["GET"]}}],"collection":[{"href":"https:\/\/www.robert-administratie.nl\/pl\/wp-json\/wp\/v2\/pages"}],"about":[{"href":"https:\/\/www.robert-administratie.nl\/pl\/wp-json\/wp\/v2\/types\/page"}],"author":[{"embeddable":true,"href":"https:\/\/www.robert-administratie.nl\/pl\/wp-json\/wp\/v2\/users\/1"}],"replies":[{"embeddable":true,"href":"https:\/\/www.robert-administratie.nl\/pl\/wp-json\/wp\/v2\/comments?post=447"}],"version-history":[{"count":0,"href":"https:\/\/www.robert-administratie.nl\/pl\/wp-json\/wp\/v2\/pages\/447\/revisions"}],"wp:attachment":[{"href":"https:\/\/www.robert-administratie.nl\/pl\/wp-json\/wp\/v2\/media?parent=447"}],"curies":[{"name":"wp","href":"https:\/\/api.w.org\/{rel}","templated":true}]}}